{"id":549,"date":"2017-01-06T19:56:47","date_gmt":"2017-01-06T18:56:47","guid":{"rendered":"http:\/\/www.reimeikan.com\/dojo\/?page_id=549"},"modified":"2017-02-19T17:57:25","modified_gmt":"2017-02-19T16:57:25","slug":"chi-siamo","status":"publish","type":"page","link":"https:\/\/www.reimeikan.com\/dojo\/index.php\/chi-siamo\/","title":{"rendered":"Chi Siamo"},"content":{"rendered":"<p>A.S.D.C. Reimeikan<\/p>\n<table style=\"height: 672px;\" width=\"794\">\n<tbody>\n<tr>\n<td rowspan=\"34\">\n<p style=\"text-align: left;\"><em><strong>Dopo un&#8217;attenta e lunga riflessione, si \u00e8 visto opportuno nel 2005 far nascere l&#8217;Associazione Sportiva Dilettantistica Culturale denominata REIMEIKAN.Lo scopo della nascita di quest&#8217;Associazione Sportiva, che si occupa principalmente d&#8217;Arte Marziale disciplina &#8211; Karate Shotokan, \u00e8 dare la possibilit\u00e0 a tutti di conoscere e praticare questa Nobile Arte Orientale.L&#8217;A.S.D.C. Reimeikan \u00e8 associata con gli enti sportivi AICS (CONI), AIK, I-JKA, IKA. Ci\u00f2 significa che \u00e8 inserita e conosciuta, tramite il M. Rosario Pizzurro, in uno scenario nazionale e internazionale.I nostri allievi effettuano gli allenamenti in un ambiente armonioso, tranquillo e sereno.L&#8217;esercitarsi in quest&#8217;ambiente da loro la possibilit\u00e0 di:<\/strong><\/em><\/p>\n<p style=\"text-align: left;\"><em>Following thoroughly and deep consideration, in 2005 we thought it mature to establish the Amatorial and Cultural Sports Club named REIMEIKAN.The main objective of the club is to offer the possibility to anyone interested to familiarise and get directly involved with martial arts and particularly Karate, and more specifically with the discipline SHOTOKAN, our club\u2019s main interest.The club is affiliated with national and international associations such as AICS (part of CONI), AIK, I-JKA and IKA; thanks to Master Rosario Pizzurro, the club is well known and recognised in the marshal arts domain.The students of our club are offered the comforts of a peaceful and harmonious environment for their training sessions. These ideal settings act as motivating factors towards self-growth, personal development and character formation, both as athletes and as human beings. More specifically, this particular environment lead the participants towards perfecting personality, following paths to honesty, rising to efforts and challenges, valuing respect and discipline, learning self control and educating instincts.<\/em><\/p>\n<p><strong>tel. 3385006658 &#8211; <a href=\"mailto:info@reimeikan.com\">info@reimeikan.com<\/a> &#8211; <a href=\"mailto:rosario.pizzurro@reimeikan.com\"> rosario.pizzurro@reimeikan.com<\/a><\/strong><\/p>\n<h1 style=\"text-align: center;\">DOJO KUN<\/h1>\n<p style=\"text-align: center;\">\u00a0 \u00a0 \u00a0<strong> \u00a0 1)\u00a0Hitotsu, Jankaku Kansei ni Tsutomuri Koto<em>\u00a0(<\/em><\/strong><em>Cerca di perfezionare il carattere)<\/em><\/p>\n<p style=\"text-align: center;\">\u00a0<strong>2)\u00a0Hitotsu, Makoto no Michi o Mamoru Koto (<\/strong><em>Percorri la via della sincerit\u00e0)<\/em><\/p>\n<p style=\"text-align: center;\">\u00a0 \u00a0 \u00a0 \u00a0 \u00a0 <strong>3)\u00a0Hitotsu, Doryoku no seishin o Yashinau Koto<\/strong><em>\u00a0(Rafforza instancabilmente lo spirito)<\/em><\/p>\n<p style=\"text-align: center;\">\u00a0 \u00a0 \u00a0<strong>4) Hitotsu, Reigi o Omonzuru Koto (<\/strong><em>Osserva un comportamento impeccabile)<\/em><\/p>\n<p style=\"text-align: center;\">\u00a0 \u00a0 <strong>5)\u00a0Hitotsu, Kekki no Yu o Imashimuru Koto (<\/strong><em>Astieniti dalla violenza e acquisisci l&#8217;autocontrollo)<\/em><\/p>\n<h5 style=\"text-align: center;\">****************************<\/h5>\n<p style=\"text-align: left;\">la mente \u00e8 tutt&#8217;uno con cielo e terra<\/p>\n<p style=\"text-align: left;\">il ritmo circolatorio del corpo \u00e8 simile al sole e alla luna<\/p>\n<p style=\"text-align: left;\">La legge include durezza e morbidezza<\/p>\n<p style=\"text-align: left;\">Agisci in armonia con tempo e mutamento<\/p>\n<p style=\"text-align: left;\">Le tecniche si portano quando esiste un&#8217;apertura<\/p>\n<p style=\"text-align: left;\">La distanza &#8220;MA&#8221; richiede avanzare arretrare, separare incontrare<\/p>\n<p style=\"text-align: left;\">Gli occhi non perdono neppure il pi\u00f9 piccolo cambiamento<\/p>\n<p style=\"text-align: left;\">Le orecchie ascoltano in tutte le direzioni<\/p>\n<p style=\"text-align: left;\">\u00a0 \u00a0 \u00a0 \u00a0 \u00a0 \u00a0 \u00a0 \u00a0 \u00a0 \u00a0 \u00a0 \u00a0 \u00a0 \u00a0 \u00a0 \u00a0 \u00a0 \u00a0 \u00a0 \u00a0 \u00a0 \u00a0 \u00a0 \u00a0 \u00a0 \u00a0 \u00a0 \u00a0 \u00a0 \u00a0 \u00a0 <strong>Gichin Funakoshi<\/strong><\/p>\n<\/td>\n<\/tr>\n<\/tbody>\n<\/table>\n","protected":false},"excerpt":{"rendered":"<p>A.S.D.C. Reimeikan Dopo un&#8217;attenta e lunga riflessione, si \u00e8 visto opportuno nel 2005 far nascere l&#8217;Associazione Sportiva Dilettantistica Culturale denominata REIMEIKAN.Lo scopo della nascita di quest&#8217;Associazione Sportiva, che si occupa principalmente d&#8217;Arte Marziale disciplina &#8211; Karate Shotokan, \u00e8 dare la&#8230; <a class=\"read-more-button\" href=\"https:\/\/www.reimeikan.com\/dojo\/index.php\/chi-siamo\/\">(LEGGI TUTTO)<\/a><\/p>\n","protected":false},"author":1,"featured_media":0,"parent":0,"menu_order":0,"comment_status":"closed","ping_status":"closed","template":"","meta":{"footnotes":""},"_links":{"self":[{"href":"https:\/\/www.reimeikan.com\/dojo\/index.php\/wp-json\/wp\/v2\/pages\/549"}],"collection":[{"href":"https:\/\/www.reimeikan.com\/dojo\/index.php\/wp-json\/wp\/v2\/pages"}],"about":[{"href":"https:\/\/www.reimeikan.com\/dojo\/index.php\/wp-json\/wp\/v2\/types\/page"}],"author":[{"embeddable":true,"href":"https:\/\/www.reimeikan.com\/dojo\/index.php\/wp-json\/wp\/v2\/users\/1"}],"replies":[{"embeddable":true,"href":"https:\/\/www.reimeikan.com\/dojo\/index.php\/wp-json\/wp\/v2\/comments?post=549"}],"version-history":[{"count":4,"href":"https:\/\/www.reimeikan.com\/dojo\/index.php\/wp-json\/wp\/v2\/pages\/549\/revisions"}],"predecessor-version":[{"id":628,"href":"https:\/\/www.reimeikan.com\/dojo\/index.php\/wp-json\/wp\/v2\/pages\/549\/revisions\/628"}],"wp:attachment":[{"href":"https:\/\/www.reimeikan.com\/dojo\/index.php\/wp-json\/wp\/v2\/media?parent=549"}],"curies":[{"name":"wp","href":"https:\/\/api.w.org\/{rel}","templated":true}]}}